{"id":22,"date":"2024-04-11T10:59:56","date_gmt":"2024-04-11T08:59:56","guid":{"rendered":"https:\/\/it-dynexper.com\/?page_id=22"},"modified":"2024-04-11T10:59:56","modified_gmt":"2024-04-11T08:59:56","slug":"devops-uzmanligi","status":"publish","type":"page","link":"https:\/\/www.dynexper.com\/?page_id=22","title":{"rendered":"Devops uzmanl\u0131g\u0131"},"content":{"rendered":"\n<h3 class=\"wp-block-heading\">Dynamics 365 Dan\u0131\u015fman\u0131 Olarak G\u00fcnl\u00fck Y\u00f6netimi DevOps ve S\u00fcrekli Entegrasyon ile Y\u00f6netme<\/h3>\n\n\n\n<figure class=\"wp-block-image size-large\"><img decoding=\"async\" src=\"https:\/\/shalb.com\/wp-content\/uploads\/2019\/11\/Devops1-2048x1338.jpeg\" alt=\"\"\/><\/figure>\n\n\n\n<p>Dynamics 365 dan\u0131\u015fmanlar\u0131 olarak, s\u00fcrekli s\u00fcre\u00e7lerimizi optimize etmek ve m\u00fc\u015fterilerimize yenilik\u00e7i \u00e7\u00f6z\u00fcmler sunmak i\u00e7in s\u00fcrekli ara\u015ft\u0131rma yap\u0131yoruz. DevOps ve Team Foundation Server (TFS) ile s\u00fcrekli entegrasyon gibi uygulamalar\u0131n kullan\u0131m\u0131, g\u00fcnl\u00fck i\u015flerimizi etkili bir \u015fekilde y\u00f6netmede ve proje hedeflerimizi ger\u00e7ekle\u015ftirmede kritik bir rol oynuyor.<\/p>\n\n\n\n<h4 class=\"wp-block-heading\">DevOps: \u00c7evik ve \u0130\u015fbirlik\u00e7i Proje Y\u00f6netimi<\/h4>\n\n\n\n<p>DevOps, geli\u015ftirme ve da\u011f\u0131t\u0131m s\u00fcre\u00e7lerini otomatikle\u015ftirmenin \u00f6tesinde bir yakla\u015f\u0131md\u0131r. Bu, projenin ya\u015fam d\u00f6ng\u00fcs\u00fc boyunca geli\u015ftirme, test ve i\u015fletme ekipleri aras\u0131ndaki i\u015f birli\u011fini te\u015fvik eden kapsaml\u0131 bir y\u00f6ntemdir. Dynamics 365 dan\u0131\u015fmanlar\u0131 olarak, DevOps metodolojisinden yararlanarak \u00e7evik ve i\u015fbirlik\u00e7i bir \u00e7al\u0131\u015fma k\u00fclt\u00fcr\u00fcn\u00fc destekliyoruz.<\/p>\n\n\n\n<p>Esnek planlama, s\u00fcr\u00fcm y\u00f6netimi ve hata izleme gibi uygulamalarla, \u00e7abalar\u0131m\u0131z\u0131 etkin bir \u015fekilde koordine edebilir, projenin gereksinimlerindeki de\u011fi\u015fikliklere h\u0131zl\u0131 bir \u015fekilde yan\u0131t verebilir ve m\u00fc\u015fterilerimize belirlenen s\u00fcreler i\u00e7inde kaliteli \u00e7\u00f6z\u00fcmler sunabiliriz.<\/p>\n\n\n\n<h4 class=\"wp-block-heading\">TFS ile S\u00fcrekli Entegrasyon: Kalite ve G\u00fcvenilirlik Sa\u011flama<\/h4>\n\n\n\n<p>S\u00fcrekli entegrasyon, geli\u015ftirme s\u00fcrecimizin ayr\u0131lmaz bir par\u00e7as\u0131d\u0131r. Team Foundation Server (TFS) gibi bir s\u00fcrekli entegrasyon platformu kullanarak, kodumuzun her de\u011fi\u015fiklikte derlenmesi, test edilmesi ve da\u011f\u0131t\u0131lmas\u0131 i\u015flemlerini otomatikle\u015ftiriyoruz. Bu sayede h\u0131zl\u0131 bir \u015fekilde hatalar\u0131 tespit edebilir, kodun kalitesini sa\u011flayabilir ve \u00e7\u00f6z\u00fcmlerimizin g\u00fcvenilirli\u011fini garanti alt\u0131na alabiliriz.<\/p>\n\n\n\n<p>Dynamics 365 ortam\u0131m\u0131za TFS&rsquo;i entegre ederek, kodda yap\u0131lan de\u011fi\u015fikliklerin projenin gereksinimleriyle ger\u00e7ek zamanl\u0131 olarak senkronize olmas\u0131n\u0131 sa\u011fl\u0131yoruz. Bu sayede ekipler aras\u0131nda \u015feffaf bir i\u015f birli\u011fi ve projenin ilerleme durumu hakk\u0131nda artan bir g\u00f6r\u00fcn\u00fcrl\u00fck elde ediyoruz.<\/p>\n\n\n\n<h4 class=\"wp-block-heading\">DevOps Yakla\u015f\u0131m\u0131n\u0131n ve TFS ile S\u00fcrekli Entegrasyonun Avantajlar\u0131<\/h4>\n\n\n\n<p>Dynamics 365 dan\u0131\u015fman\u0131 olarak, g\u00fcnl\u00fck i\u015flerimizi y\u00f6netmek i\u00e7in DevOps ve TFS ile s\u00fcrekli entegrasyonun \u015fu avantajlar\u0131ndan faydalan\u0131yoruz:<\/p>\n\n\n\n<ul class=\"wp-block-list\">\n<li><strong>H\u0131zl\u0131 ve S\u0131k Teslimat:<\/strong> \u00c7evik i\u015fbirli\u011fi ve da\u011f\u0131t\u0131m s\u00fcre\u00e7lerini otomatikle\u015ftirme sayesinde, m\u00fc\u015fterilere daha h\u0131zl\u0131 ve s\u0131k \u00f6zellikler sunabiliriz.<\/li>\n\n\n\n<li><strong>Kalite ve G\u00fcvenilirlik:<\/strong> TFS ile s\u00fcrekli entegrasyon, kodumuzun s\u00fcrekli olarak test edilmesini ve do\u011frulanmas\u0131n\u0131 sa\u011flar, bu da \u00fcretimdeki hata ve olay risklerini azalt\u0131r.<\/li>\n\n\n\n<li><strong>S\u00fcrekli \u0130yile\u015ftirme:<\/strong> DevOps yakla\u015f\u0131m\u0131n\u0131 benimseyerek, s\u00fcrekli iyile\u015ftirme k\u00fclt\u00fcr\u00fcn\u00fc destekliyoruz, burada \u00f6\u011frenilen dersler belgelenir ve geli\u015ftirme s\u00fcre\u00e7lerimizi optimize etmek i\u00e7in kullan\u0131l\u0131r.<\/li>\n<\/ul>\n\n\n\n<p>Sonu\u00e7 olarak, Dynamics 365 dan\u0131\u015fman\u0131 olarak, g\u00fcnl\u00fck i\u015flerimizi etkili bir \u015fekilde y\u00f6netmek ve m\u00fc\u015fterilere kaliteli \u00e7\u00f6z\u00fcmler sunmak i\u00e7in DevOps ve TFS ile s\u00fcrekli entegrasyonun \u00f6nemini tan\u0131yoruz. Bu uygulamalar\u0131 benimseyerek, de\u011fi\u015fen bir ortamda \u00e7evik, duyarl\u0131 ve rekabet\u00e7i kalabiliriz.<\/p>\n","protected":false},"excerpt":{"rendered":"<p>Dynamics 365 Dan\u0131\u015fman\u0131 Olarak G\u00fcnl\u00fck Y\u00f6netimi DevOps ve S\u00fcrekli Entegrasyon ile Y\u00f6netme Dynamics 365 dan\u0131\u015fmanlar\u0131 olarak, s\u00fcrekli s\u00fcre\u00e7lerimizi optimize etmek ve m\u00fc\u015fterilerimize yenilik\u00e7i \u00e7\u00f6z\u00fcmler sunmak i\u00e7in s\u00fcrekli ara\u015ft\u0131rma yap\u0131yoruz. DevOps ve Team Foundation Server (TFS) ile s\u00fcrekli entegrasyon gibi uygulamalar\u0131n kullan\u0131m\u0131, g\u00fcnl\u00fck i\u015flerimizi etkili bir \u015fekilde y\u00f6netmede ve proje hedeflerimizi ger\u00e7ekle\u015ftirmede kritik bir rol oynuyor. [&hellip;]<\/p>\n","protected":false},"author":1,"featured_media":0,"parent":0,"menu_order":2,"comment_status":"closed","ping_status":"closed","template":"","meta":{"footnotes":""},"class_list":["post-22","page","type-page","status-publish","hentry"],"_links":{"self":[{"href":"https:\/\/www.dynexper.com\/index.php?rest_route=\/wp\/v2\/pages\/22","targetHints":{"allow":["GET"]}}],"collection":[{"href":"https:\/\/www.dynexper.com\/index.php?rest_route=\/wp\/v2\/pages"}],"about":[{"href":"https:\/\/www.dynexper.com\/index.php?rest_route=\/wp\/v2\/types\/page"}],"author":[{"embeddable":true,"href":"https:\/\/www.dynexper.com\/index.php?rest_route=\/wp\/v2\/users\/1"}],"replies":[{"embeddable":true,"href":"https:\/\/www.dynexper.com\/index.php?rest_route=%2Fwp%2Fv2%2Fcomments&post=22"}],"version-history":[{"count":0,"href":"https:\/\/www.dynexper.com\/index.php?rest_route=\/wp\/v2\/pages\/22\/revisions"}],"wp:attachment":[{"href":"https:\/\/www.dynexper.com\/index.php?rest_route=%2Fwp%2Fv2%2Fmedia&parent=22"}],"curies":[{"name":"wp","href":"https:\/\/api.w.org\/{rel}","templated":true}]}}